{"id":62666,"date":"2022-10-24T10:16:11","date_gmt":"2022-10-24T08:16:11","guid":{"rendered":"https:\/\/www.cigames.com\/?page_id=62666"},"modified":"2025-10-19T18:05:26","modified_gmt":"2025-10-19T16:05:26","slug":"strategy","status":"publish","type":"page","link":"https:\/\/cigames.com\/en\/investor-relations\/strategy\/","title":{"rendered":"STRATEGY 2025-2028"},"content":{"rendered":"[vc_row type=&#8221;in_container&#8221; full_screen_row_position=&#8221;middle&#8221; column_margin=&#8221;none&#8221; column_direction=&#8221;default&#8221; column_direction_tablet=&#8221;default&#8221; column_direction_phone=&#8221;default&#8221; scene_position=&#8221;center&#8221; top_padding=&#8221;30&#8243; constrain_group_1=&#8221;yes&#8221; bottom_padding=&#8221;30&#8243; left_padding_desktop=&#8221;0&#8243; constrain_group_2=&#8221;yes&#8221; right_padding_desktop=&#8221;0&#8243; text_color=&#8221;dark&#8221; text_align=&#8221;left&#8221; row_border_radius=&#8221;none&#8221; row_border_radius_applies=&#8221;bg&#8221; overflow=&#8221;visible&#8221; class=&#8221;investor-content-column&#8221; overlay_strength=&#8221;0.3&#8243; gradient_direction=&#8221;left_to_right&#8221; shape_divider_position=&#8221;bottom&#8221; bg_image_animation=&#8221;none&#8221; shape_type=&#8221;&#8221; gradient_type=&#8221;default&#8221;][vc_column column_padding=&#8221;no-extra-padding&#8221; column_padding_tablet=&#8221;inherit&#8221; column_padding_phone=&#8221;inherit&#8221; column_padding_position=&#8221;all&#8221; column_element_direction_desktop=&#8221;default&#8221; column_element_spacing=&#8221;default&#8221; desktop_text_alignment=&#8221;default&#8221; tablet_text_alignment=&#8221;default&#8221; phone_text_alignment=&#8221;default&#8221; background_color_opacity=&#8221;1&#8243; background_hover_color_opacity=&#8221;1&#8243; column_backdrop_filter=&#8221;none&#8221; column_shadow=&#8221;none&#8221; column_border_radius=&#8221;none&#8221; column_link_target=&#8221;_self&#8221; column_position=&#8221;default&#8221; el_class=&#8221;investor-sidebar&#8221; gradient_direction=&#8221;left_to_right&#8221; overlay_strength=&#8221;0.3&#8243; width=&#8221;1\/4&#8243; tablet_width_inherit=&#8221;default&#8221; animation_type=&#8221;default&#8221; bg_image_animation=&#8221;none&#8221; border_type=&#8221;simple&#8221; column_border_width=&#8221;none&#8221; column_border_color=&#8221;#ffffff&#8221; column_border_style=&#8221;solid&#8221; column_padding_type=&#8221;default&#8221; gradient_type=&#8221;default&#8221;][vc_column_text el_class=&#8221;investor-menu-heading&#8221; css=&#8221;.vc_custom_1642180837405{background-color: #282828 !important;}&#8221;]Investor Relations[\/vc_column_text][vc_column_text el_class=&#8221;investor-menu-tagline&#8221; css=&#8221;.vc_custom_1642180845798{background-color: #282828 !important;}&#8221;]Table of contents[\/vc_column_text][vc_widget_sidebar enable_sticky=&#8221;true&#8221; sidebar_id=&#8221;page-sidebar&#8221; el_class=&#8221;sidebar-column&#8221;][\/vc_column][vc_column column_padding=&#8221;padding-5-percent&#8221; column_padding_tablet=&#8221;inherit&#8221; column_padding_phone=&#8221;no-extra-padding&#8221; column_padding_position=&#8221;left&#8221; column_element_direction_desktop=&#8221;default&#8221; column_element_spacing=&#8221;default&#8221; desktop_text_alignment=&#8221;default&#8221; tablet_text_alignment=&#8221;default&#8221; phone_text_alignment=&#8221;default&#8221; background_color_opacity=&#8221;1&#8243; background_hover_color_opacity=&#8221;1&#8243; column_backdrop_filter=&#8221;none&#8221; column_shadow=&#8221;none&#8221; column_border_radius=&#8221;none&#8221; column_link_target=&#8221;_self&#8221; column_position=&#8221;default&#8221; gradient_direction=&#8221;left_to_right&#8221; overlay_strength=&#8221;0.3&#8243; width=&#8221;3\/4&#8243; tablet_width_inherit=&#8221;default&#8221; animation_type=&#8221;default&#8221; bg_image_animation=&#8221;none&#8221; border_type=&#8221;simple&#8221; column_border_width=&#8221;none&#8221; column_border_color=&#8221;#f4f4f4&#8243; column_border_style=&#8221;solid&#8221; column_padding_type=&#8221;default&#8221; gradient_type=&#8221;default&#8221;][vc_column_text]<img loading=\"lazy\" decoding=\"async\" class=\"alignnone size-large wp-image-64333\" src=\"https:\/\/cigames.com\/wp-content\/uploads\/2024\/10\/Strategy-front-page-1024x575.png\" alt=\"\" width=\"1024\" height=\"575\" srcset=\"https:\/\/cigames.com\/wp-content\/uploads\/2024\/10\/Strategy-front-page-1024x575.png 1024w, https:\/\/cigames.com\/wp-content\/uploads\/2024\/10\/Strategy-front-page-300x168.png 300w, https:\/\/cigames.com\/wp-content\/uploads\/2024\/10\/Strategy-front-page-768x431.png 768w, https:\/\/cigames.com\/wp-content\/uploads\/2024\/10\/Strategy-front-page-1536x862.png 1536w, https:\/\/cigames.com\/wp-content\/uploads\/2024\/10\/Strategy-front-page.png 1904w\" sizes=\"auto, (max-width: 1024px) 100vw, 1024px\" \/><\/p>\n<p><span style=\"text-decoration: underline;\"><a href=\"https:\/\/drive.google.com\/file\/d\/1vPnS8JiK1Gnf-8M0mCXV_oHVEef_JlcY\/preview\"><em>Download.pdf Presentation<\/em><\/a><\/span><\/p>\n<p>&nbsp;<\/p>\n<p><iframe loading=\"lazy\" title=\"Aktualizacja strategii rozwoju CI Games i wyniki za I p\u00f3\u0142rocze 2024 [Webinar z zarz\u0105dem sp\u00f3\u0142ki]\" width=\"1080\" height=\"608\" src=\"https:\/\/www.youtube.com\/embed\/zL_qqh08wVY?feature=oembed\" frameborder=\"0\" allow=\"accelerometer; autoplay; clipboard-write; encrypted-media; gyroscope; picture-in-picture; web-share\" referrerpolicy=\"strict-origin-when-cross-origin\" allowfullscreen><\/iframe><\/p>\n[\/vc_column_text][\/vc_column][\/vc_row]\n","protected":false},"excerpt":{"rendered":"<p>[vc_row type=&#8221;in_container&#8221; full_screen_row_position=&#8221;middle&#8221; column_margin=&#8221;none&#8221; column_direction=&#8221;default&#8221; column_direction_tablet=&#8221;default&#8221; column_direction_phone=&#8221;default&#8221; scene_position=&#8221;center&#8221; top_padding=&#8221;30&#8243; constrain_group_1=&#8221;yes&#8221; bottom_padding=&#8221;30&#8243; left_padding_desktop=&#8221;0&#8243; constrain_group_2=&#8221;yes&#8221; right_padding_desktop=&#8221;0&#8243; text_color=&#8221;dark&#8221; text_align=&#8221;left&#8221; row_border_radius=&#8221;none&#8221; row_border_radius_applies=&#8221;bg&#8221; overflow=&#8221;visible&#8221; class=&#8221;investor-content-column&#8221; overlay_strength=&#8221;0.3&#8243; gradient_direction=&#8221;left_to_right&#8221; shape_divider_position=&#8221;bottom&#8221; bg_image_animation=&#8221;none&#8221; shape_type=&#8221;&#8221; gradient_type=&#8221;default&#8221;][vc_column column_padding=&#8221;no-extra-padding&#8221; column_padding_tablet=&#8221;inherit&#8221; column_padding_phone=&#8221;inherit&#8221; column_padding_position=&#8221;all&#8221;&#8230;<\/p>\n","protected":false},"author":13,"featured_media":0,"parent":60934,"menu_order":0,"comment_status":"closed","ping_status":"closed","template":"notowania_old-update.php","meta":{"footnotes":""},"class_list":["post-62666","page","type-page","status-publish"],"_links":{"self":[{"href":"https:\/\/cigames.com\/en\/wp-json\/wp\/v2\/pages\/62666","targetHints":{"allow":["GET"]}}],"collection":[{"href":"https:\/\/cigames.com\/en\/wp-json\/wp\/v2\/pages"}],"about":[{"href":"https:\/\/cigames.com\/en\/wp-json\/wp\/v2\/types\/page"}],"author":[{"embeddable":true,"href":"https:\/\/cigames.com\/en\/wp-json\/wp\/v2\/users\/13"}],"replies":[{"embeddable":true,"href":"https:\/\/cigames.com\/en\/wp-json\/wp\/v2\/comments?post=62666"}],"version-history":[{"count":2,"href":"https:\/\/cigames.com\/en\/wp-json\/wp\/v2\/pages\/62666\/revisions"}],"predecessor-version":[{"id":65461,"href":"https:\/\/cigames.com\/en\/wp-json\/wp\/v2\/pages\/62666\/revisions\/65461"}],"up":[{"embeddable":true,"href":"https:\/\/cigames.com\/en\/wp-json\/wp\/v2\/pages\/60934"}],"wp:attachment":[{"href":"https:\/\/cigames.com\/en\/wp-json\/wp\/v2\/media?parent=62666"}],"curies":[{"name":"wp","href":"https:\/\/api.w.org\/{rel}","templated":true}]}}