{"id":59946,"date":"2021-10-06T15:05:05","date_gmt":"2021-10-06T13:05:05","guid":{"rendered":"https:\/\/www.cigames.com\/?page_id=59946"},"modified":"2025-10-19T20:00:12","modified_gmt":"2025-10-19T18:00:12","slug":"presentations","status":"publish","type":"page","link":"https:\/\/cigames.com\/en\/presentations\/","title":{"rendered":"PRESENTATIONS"},"content":{"rendered":"[vc_row type=&#8221;in_container&#8221; full_screen_row_position=&#8221;middle&#8221; column_margin=&#8221;none&#8221; column_direction=&#8221;default&#8221; column_direction_tablet=&#8221;default&#8221; column_direction_phone=&#8221;default&#8221; scene_position=&#8221;center&#8221; top_padding=&#8221;30&#8243; constrain_group_1=&#8221;yes&#8221; bottom_padding=&#8221;30&#8243; constrain_group_2=&#8221;yes&#8221; text_color=&#8221;dark&#8221; text_align=&#8221;left&#8221; row_border_radius=&#8221;none&#8221; row_border_radius_applies=&#8221;bg&#8221; overflow=&#8221;visible&#8221; overlay_strength=&#8221;0.3&#8243; gradient_direction=&#8221;left_to_right&#8221; shape_divider_position=&#8221;bottom&#8221; bg_image_animation=&#8221;none&#8221; shape_type=&#8221;&#8221; gradient_type=&#8221;default&#8221;][vc_column column_padding=&#8221;no-extra-padding&#8221; column_padding_tablet=&#8221;inherit&#8221; column_padding_phone=&#8221;inherit&#8221; column_padding_position=&#8221;all&#8221; column_element_direction_desktop=&#8221;default&#8221; column_element_spacing=&#8221;default&#8221; desktop_text_alignment=&#8221;default&#8221; tablet_text_alignment=&#8221;default&#8221; phone_text_alignment=&#8221;default&#8221; background_color_opacity=&#8221;1&#8243; background_hover_color_opacity=&#8221;1&#8243; column_backdrop_filter=&#8221;none&#8221; column_shadow=&#8221;none&#8221; column_border_radius=&#8221;none&#8221; column_link_target=&#8221;_self&#8221; column_position=&#8221;default&#8221; el_class=&#8221;investor-sidebar&#8221; gradient_direction=&#8221;left_to_right&#8221; overlay_strength=&#8221;0.3&#8243; width=&#8221;1\/4&#8243; tablet_width_inherit=&#8221;default&#8221; animation_type=&#8221;default&#8221; bg_image_animation=&#8221;none&#8221; border_type=&#8221;simple&#8221; column_border_width=&#8221;none&#8221; column_border_style=&#8221;solid&#8221; column_padding_type=&#8221;default&#8221; gradient_type=&#8221;default&#8221;][vc_column_text el_class=&#8221;investor-menu-heading&#8221; css=&#8221;.vc_custom_1642411873356{background-color: #282828 !important;}&#8221;]Investor relations[\/vc_column_text][vc_column_text el_class=&#8221;investor-menu-tagline&#8221; css=&#8221;.vc_custom_1642411881043{background-color: #282828 !important;}&#8221;]Table of contents[\/vc_column_text][vc_widget_sidebar enable_sticky=&#8221;true&#8221; sidebar_id=&#8221;page-sidebar&#8221; el_class=&#8221;sidebar-column&#8221;][\/vc_column][vc_column column_padding=&#8221;padding-5-percent&#8221; column_padding_tablet=&#8221;inherit&#8221; column_padding_phone=&#8221;no-extra-padding&#8221; column_padding_position=&#8221;left&#8221; column_element_direction_desktop=&#8221;default&#8221; column_element_spacing=&#8221;default&#8221; desktop_text_alignment=&#8221;default&#8221; tablet_text_alignment=&#8221;default&#8221; phone_text_alignment=&#8221;default&#8221; background_color_opacity=&#8221;1&#8243; background_hover_color_opacity=&#8221;1&#8243; column_backdrop_filter=&#8221;none&#8221; column_shadow=&#8221;none&#8221; column_border_radius=&#8221;none&#8221; column_link_target=&#8221;_self&#8221; column_position=&#8221;default&#8221; gradient_direction=&#8221;left_to_right&#8221; overlay_strength=&#8221;0.3&#8243; width=&#8221;3\/4&#8243; tablet_width_inherit=&#8221;default&#8221; animation_type=&#8221;default&#8221; bg_image_animation=&#8221;none&#8221; border_type=&#8221;simple&#8221; column_border_width=&#8221;none&#8221; column_border_style=&#8221;solid&#8221; column_padding_type=&#8221;default&#8221; gradient_type=&#8221;default&#8221;][vc_column_text]\n<h1>FINANCIAL RESULTS FOR FY2024<\/h1>\n<p><iframe loading=\"lazy\" title=\"Wyniki CI Games za 2024 rok [Webinar z zarz\u0105dem sp\u00f3\u0142ki]\" width=\"1080\" height=\"608\" src=\"https:\/\/www.youtube.com\/embed\/6sDkuOeEw_E?feature=oembed\" frameborder=\"0\" allow=\"accelerometer; autoplay; clipboard-write; encrypted-media; gyroscope; picture-in-picture; web-share\" referrerpolicy=\"strict-origin-when-cross-origin\" allowfullscreen><\/iframe><\/p>\n<p><a href=\"https:\/\/drive.google.com\/file\/d\/1sExsO3KhIC5MKkbE1s35A9pTHBR_OiFl\/preview\"><em>Download the.pdf Presentation<\/em><\/a><\/p>\n<p>&nbsp;<\/p>\n<h1>FINANCIAL RESULTS FOR Q1 2024<\/h1>\n<p><iframe loading=\"lazy\" title=\"Wyniki CI Games za I kwarta\u0142 2024 roku [Webinar z prezesem sp\u00f3\u0142ki]\" width=\"1080\" height=\"608\" src=\"https:\/\/www.youtube.com\/embed\/FroIL0Y72og?feature=oembed\" frameborder=\"0\" allow=\"accelerometer; autoplay; clipboard-write; encrypted-media; gyroscope; picture-in-picture; web-share\" referrerpolicy=\"strict-origin-when-cross-origin\" allowfullscreen><\/iframe><\/p>\n<p><a href=\"https:\/\/drive.google.com\/file\/d\/1cNKCnYOl2KPQBvy3A0AcBLFwKcJMkWhG\/preview\"><em>Download the.pdf Presentation<\/em><\/a><\/p>\n<p>&nbsp;<\/p>\n<h1>FINANCIAL RESULTS FOR 2023 -webcast<\/h1>\n<p><iframe loading=\"lazy\" title=\"Wyniki CI Games za 2023 rok [Webinar z prezesem sp\u00f3\u0142ki]\" width=\"1080\" height=\"608\" src=\"https:\/\/www.youtube.com\/embed\/_9FqOOAjydc?feature=oembed\" frameborder=\"0\" allow=\"accelerometer; autoplay; clipboard-write; encrypted-media; gyroscope; picture-in-picture; web-share\" referrerpolicy=\"strict-origin-when-cross-origin\" allowfullscreen><\/iframe><\/p>\n<p><a href=\"https:\/\/drive.google.com\/file\/d\/1jTpvRoZX0leMS0oU9zFxrg0VVwNlyY-Z\/preview\"><em>Download the.pdf Presentation<\/em><\/a><\/p>\n<p>&nbsp;<\/p>\n<h1 class=\"style-scope ytd-watch-metadata\">Financial results of Q3 23 &#8211; webcast<\/h1>\n<p><iframe loading=\"lazy\" title=\"Wyniki CI Games za III kwarta\u0142 2023 roku [Webinar z zarz\u0105dem sp\u00f3\u0142ki]\" width=\"1080\" height=\"608\" src=\"https:\/\/www.youtube.com\/embed\/f5OXO4obVFk?feature=oembed\" frameborder=\"0\" allow=\"accelerometer; autoplay; clipboard-write; encrypted-media; gyroscope; picture-in-picture; web-share\" referrerpolicy=\"strict-origin-when-cross-origin\" allowfullscreen><\/iframe><\/p>\n<p><em><a href=\"https:\/\/drive.google.com\/file\/d\/1XjnYM98Ru4y-C9FbSnlLgVgte6kIkTjH\/preview\" target=\"_blank\" rel=\"noopener\">Download the.pdf Presentation<\/a><\/em><\/p>\n<h1><\/h1>\n<h1>Lords of the Fallen launch summary<\/h1>\n<p><iframe loading=\"lazy\" title=\"Podsumowanie premiery Lords of the Fallen [Webinar z zarz\u0105dem CI Games]\" width=\"1080\" height=\"608\" src=\"https:\/\/www.youtube.com\/embed\/m2ALKAMdm-c?feature=oembed\" frameborder=\"0\" allow=\"accelerometer; autoplay; clipboard-write; encrypted-media; gyroscope; picture-in-picture; web-share\" referrerpolicy=\"strict-origin-when-cross-origin\" allowfullscreen><\/iframe><\/p>\n<p><em><a href=\"https:\/\/drive.google.com\/file\/d\/1WsQ9T1YJHgF9-_jNBkReBUOVhXIxMuBB\/preview\">Download the.pdf Presentation<\/a><\/em><\/p>\n<h1><\/h1>\n<h1 class=\"style-scope ytd-watch-metadata\">Financial results of H1 23 &#8211; webcast<\/h1>\n<p><iframe loading=\"lazy\" title=\"Wyniki CI Games za I p\u00f3\u0142rocze 2023 roku [Webinar z zarz\u0105dem sp\u00f3\u0142ki]\" width=\"1080\" height=\"608\" src=\"https:\/\/www.youtube.com\/embed\/R6SYyhCG-o4?feature=oembed\" frameborder=\"0\" allow=\"accelerometer; autoplay; clipboard-write; encrypted-media; gyroscope; picture-in-picture; web-share\" referrerpolicy=\"strict-origin-when-cross-origin\" allowfullscreen><\/iframe><\/p>\n<p><a href=\"https:\/\/drive.google.com\/file\/d\/1DDoK5Y39sjl_l8WB6MDtNGuURuFb4gpW\/preview\"><em>Download the.pdf Presentation<\/em><\/a><\/p>\n<h1 class=\"style-scope ytd-watch-metadata\">Financial results of Q1 23 &#8211; webcast<\/h1>\n<p><iframe loading=\"lazy\" title=\"CI Games financial results for Q1 23\u200b\u200b\u200b\u200b\u200b\u200b\u200b\" width=\"1080\" height=\"608\" src=\"https:\/\/www.youtube.com\/embed\/0mmKkcFF9Zo?feature=oembed\" frameborder=\"0\" allow=\"accelerometer; autoplay; clipboard-write; encrypted-media; gyroscope; picture-in-picture; web-share\" referrerpolicy=\"strict-origin-when-cross-origin\" allowfullscreen><\/iframe><\/p>\n<p><em><a href=\"https:\/\/drive.google.com\/file\/d\/11zMHDCFIbgIMrjvO1jcWSbZ7sHA06Dh4\/preview\">Download the.pdf Presentation<\/a><\/em><\/p>\n<h1 class=\"style-scope ytd-watch-metadata\">Financial results of 2022 &#8211; webcast<\/h1>\n<p><iframe loading=\"lazy\" title=\"CI Games financial results for 2022\u200b\u200b\u200b\u200b\u200b\u200b\u200b\" width=\"1080\" height=\"608\" src=\"https:\/\/www.youtube.com\/embed\/162QauhOTrc?feature=oembed\" frameborder=\"0\" allow=\"accelerometer; autoplay; clipboard-write; encrypted-media; gyroscope; picture-in-picture; web-share\" referrerpolicy=\"strict-origin-when-cross-origin\" allowfullscreen><\/iframe><\/p>\n<h4><a href=\"https:\/\/drive.google.com\/file\/d\/1Y0CUlyamIzNAtG9Mjy2GpV_xiYygjhiJ\/preview\"><em><span style=\"text-decoration: underline;\">Download the.pdf Presentation<\/span><\/em><\/a><\/h4>\n<p>&nbsp;<\/p>\n<h1 class=\"style-scope ytd-watch-metadata\">Financial results of 3Q22 &#8211; webcast<\/h1>\n<p><iframe loading=\"lazy\" title=\"YouTube video player\" src=\"https:\/\/www.youtube.com\/embed\/fWgSYLN-ScI\" width=\"560\" height=\"315\" frameborder=\"0\" allowfullscreen=\"allowfullscreen\"><\/iframe><\/p>\n<h4><a href=\"https:\/\/drive.google.com\/file\/d\/18_83nxnqnizgGzP9ojb4CyGmachPY5qc\/preview\"><span style=\"text-decoration: underline;\"><em>Download.pdf presentation<\/em><\/span><\/a><\/h4>\n<p>&nbsp;<\/p>\n<h1 class=\"entry-title\">Strategy 2023-2027 &#8211; webcast<\/h1>\n<p><iframe loading=\"lazy\" title=\"CI Games strategy update\" width=\"1080\" height=\"608\" src=\"https:\/\/www.youtube.com\/embed\/vhg8y0yoG1E?feature=oembed\" frameborder=\"0\" allow=\"accelerometer; autoplay; clipboard-write; encrypted-media; gyroscope; picture-in-picture; web-share\" referrerpolicy=\"strict-origin-when-cross-origin\" allowfullscreen><\/iframe><\/p>\n<h4><a href=\"https:\/\/drive.google.com\/file\/d\/11aQXeSR1910zFrShzYytKMbn-4ItrD1O\/preview\"><span style=\"text-decoration: underline;\"><em>Download.pdf presentation\u00a0<\/em><\/span><\/a><\/h4>\n<p>&nbsp;<\/p>\n<h1 class=\"entry-title\">Financial results of H1 2022 &#8211; webcast<\/h1>\n<p><iframe loading=\"lazy\" title=\"Financial results CI Games 1H2022 and development plans\" width=\"1080\" height=\"608\" src=\"https:\/\/www.youtube.com\/embed\/cSTIiJJnm0I?feature=oembed\" frameborder=\"0\" allow=\"accelerometer; autoplay; clipboard-write; encrypted-media; gyroscope; picture-in-picture; web-share\" referrerpolicy=\"strict-origin-when-cross-origin\" allowfullscreen><\/iframe><\/p>\n<h4><a href=\"https:\/\/drive.google.com\/file\/d\/1BY4yPB6TaXFYlczlGnFanbn1L-EDY6d2\/preview\"><span style=\"text-decoration: underline;\"><em>Download.pdf presentation<\/em><\/span><\/a><\/h4>\n<p>&nbsp;<\/p>\n<h1 class=\"entry-title\">Financial results of Q1 2022 &#8211; webcast<\/h1>\n<p><iframe loading=\"lazy\" title=\"Financial results CI Games 1Q2022 and development plans\" width=\"1080\" height=\"608\" src=\"https:\/\/www.youtube.com\/embed\/WlQPv2Dk5zs?feature=oembed\" frameborder=\"0\" allow=\"accelerometer; autoplay; clipboard-write; encrypted-media; gyroscope; picture-in-picture; web-share\" referrerpolicy=\"strict-origin-when-cross-origin\" allowfullscreen><\/iframe><\/p>\n<h4><a href=\"https:\/\/drive.google.com\/file\/d\/1AZYPa8eBEO6utO-DQxltTLqWAoq2SBjU\/preview\"><span style=\"text-decoration: underline;\"><em>Download.pdf presentation<\/em><\/span><\/a><\/h4>\n<p>&nbsp;<\/p>\n<h1 class=\"entry-title\">Financial results of 2021 &#8211; webcast<\/h1>\n<p><iframe loading=\"lazy\" title=\"Financial report of 2021 and development plans CI Games\" width=\"1080\" height=\"608\" src=\"https:\/\/www.youtube.com\/embed\/ca9nsm7EgrA?feature=oembed\" frameborder=\"0\" allow=\"accelerometer; autoplay; clipboard-write; encrypted-media; gyroscope; picture-in-picture; web-share\" referrerpolicy=\"strict-origin-when-cross-origin\" allowfullscreen><\/iframe><\/p>\n<h4><a href=\"https:\/\/drive.google.com\/file\/d\/1FjXGgrwI2L3lkbY47ypg6P_WIBXFqKNa\/preview\"><span style=\"text-decoration: underline;\"><em>Download.pdf presentation<\/em><\/span><\/a><\/h4>\n<p>&nbsp;<\/p>\n<p>&nbsp;<\/p>\n<h1 class=\"entry-title\">Financial results of Q3 2021 &#8211; webcast<\/h1>\n<p>&nbsp;<\/p>\n<p><iframe loading=\"lazy\" title=\"Financial results of Q3 2021 and CI Games development plans [Webinar with CEO] [ENG]\" width=\"1080\" height=\"608\" src=\"https:\/\/www.youtube.com\/embed\/p0TS484pPlw?feature=oembed\" frameborder=\"0\" allow=\"accelerometer; autoplay; clipboard-write; encrypted-media; gyroscope; picture-in-picture; web-share\" referrerpolicy=\"strict-origin-when-cross-origin\" allowfullscreen><\/iframe><\/p>\n<h4><a href=\"https:\/\/drive.google.com\/file\/d\/1_MHk09Uag8yHN9U8V8-qwjcF9_2JWI4r\/preview\" target=\"_blank\" rel=\"noopener\"><span style=\"text-decoration: underline;\"><em>Download PDF presentation<\/em><\/span><\/a><\/h4>\n<p>&nbsp;<\/p>\n<p>&nbsp;<\/p>\n<h1><\/h1>\n<h1 class=\"entry-title\">Financial results for first half of 2021 &#8211; webcast<\/h1>\n<p>&nbsp;<\/p>\n<p><iframe loading=\"lazy\" title=\"Webinar with Marek Tymi\u0144ski, CEO of CI Games, discussing the financial results of H1 2021\" width=\"1080\" height=\"608\" src=\"https:\/\/www.youtube.com\/embed\/EAI_pAXpq2U?feature=oembed\" frameborder=\"0\" allow=\"accelerometer; autoplay; clipboard-write; encrypted-media; gyroscope; picture-in-picture; web-share\" referrerpolicy=\"strict-origin-when-cross-origin\" allowfullscreen><\/iframe><\/p>\n<h4><\/h4>\n<h4><a href=\"https:\/\/drive.google.com\/file\/d\/1BQ3laVhuT12KwQmhlNDOhXfbxhTcj7H8\/preview\" target=\"_blank\" rel=\"noopener\"><span style=\"text-decoration: underline;\"><em>Download Presentation.pdf<\/em><\/span><\/a><\/h4>\n[\/vc_column_text][\/vc_column][\/vc_row]\n","protected":false},"excerpt":{"rendered":"<p>[vc_row type=&#8221;in_container&#8221; full_screen_row_position=&#8221;middle&#8221; column_margin=&#8221;none&#8221; column_direction=&#8221;default&#8221; column_direction_tablet=&#8221;default&#8221; column_direction_phone=&#8221;default&#8221; scene_position=&#8221;center&#8221; top_padding=&#8221;30&#8243; constrain_group_1=&#8221;yes&#8221; bottom_padding=&#8221;30&#8243; constrain_group_2=&#8221;yes&#8221; text_color=&#8221;dark&#8221; text_align=&#8221;left&#8221; row_border_radius=&#8221;none&#8221; row_border_radius_applies=&#8221;bg&#8221; overflow=&#8221;visible&#8221; overlay_strength=&#8221;0.3&#8243; gradient_direction=&#8221;left_to_right&#8221; shape_divider_position=&#8221;bottom&#8221; bg_image_animation=&#8221;none&#8221; shape_type=&#8221;&#8221; gradient_type=&#8221;default&#8221;][vc_column column_padding=&#8221;no-extra-padding&#8221; column_padding_tablet=&#8221;inherit&#8221; column_padding_phone=&#8221;inherit&#8221; column_padding_position=&#8221;all&#8221; column_element_direction_desktop=&#8221;default&#8221; column_element_spacing=&#8221;default&#8221; desktop_text_alignment=&#8221;default&#8221;&#8230;<\/p>\n","protected":false},"author":2,"featured_media":0,"parent":0,"menu_order":0,"comment_status":"closed","ping_status":"closed","template":"notowania_old-update.php","meta":{"footnotes":""},"class_list":["post-59946","page","type-page","status-publish"],"_links":{"self":[{"href":"https:\/\/cigames.com\/en\/wp-json\/wp\/v2\/pages\/59946","targetHints":{"allow":["GET"]}}],"collection":[{"href":"https:\/\/cigames.com\/en\/wp-json\/wp\/v2\/pages"}],"about":[{"href":"https:\/\/cigames.com\/en\/wp-json\/wp\/v2\/types\/page"}],"author":[{"embeddable":true,"href":"https:\/\/cigames.com\/en\/wp-json\/wp\/v2\/users\/2"}],"replies":[{"embeddable":true,"href":"https:\/\/cigames.com\/en\/wp-json\/wp\/v2\/comments?post=59946"}],"version-history":[{"count":4,"href":"https:\/\/cigames.com\/en\/wp-json\/wp\/v2\/pages\/59946\/revisions"}],"predecessor-version":[{"id":65479,"href":"https:\/\/cigames.com\/en\/wp-json\/wp\/v2\/pages\/59946\/revisions\/65479"}],"wp:attachment":[{"href":"https:\/\/cigames.com\/en\/wp-json\/wp\/v2\/media?parent=59946"}],"curies":[{"name":"wp","href":"https:\/\/api.w.org\/{rel}","templated":true}]}}